{"id":24840,"date":"2026-01-07T06:41:27","date_gmt":"2026-01-07T05:41:27","guid":{"rendered":"https:\/\/retinadesign.com\/?page_id=24840"},"modified":"2026-01-07T06:49:58","modified_gmt":"2026-01-07T05:49:58","slug":"mentions-legales","status":"publish","type":"page","link":"https:\/\/retinadesign.com\/fr\/mentions-legales\/","title":{"rendered":"Mentions l\u00e9gales"},"content":{"rendered":"\t\t<div data-elementor-type=\"wp-page\" data-elementor-id=\"24840\" class=\"elementor elementor-24840 elementor-24836\" data-elementor-post-type=\"page\">\n\t\t\t\t<div class=\"elementor-element elementor-element-0f38a38 e-flex e-con-boxed e-con e-parent\" data-id=\"0f38a38\" data-element_type=\"container\" data-e-type=\"container\" data-settings=\"{&quot;background_background&quot;:&quot;classic&quot;}\">\n\t\t\t\t\t<div class=\"e-con-inner\">\n\t\t\t\t\t<\/div>\n\t\t\t\t<\/div>\n\t\t<div class=\"elementor-element elementor-element-5eea309d e-flex e-con-boxed e-con e-parent\" data-id=\"5eea309d\" data-element_type=\"container\" data-e-type=\"container\" data-settings=\"{&quot;background_background&quot;:&quot;classic&quot;}\">\n\t\t\t\t\t<div class=\"e-con-inner\">\n\t\t\t\t<div class=\"elementor-element elementor-element-5512747 elementor-widget elementor-widget-heading\" data-id=\"5512747\" data-element_type=\"widget\" data-e-type=\"widget\" data-widget_type=\"heading.default\">\n\t\t\t\t<div class=\"elementor-widget-container\">\n\t\t\t\t\t<h1 class=\"elementor-heading-title elementor-size-default\">Mentions l\u00e9gales<\/h1>\t\t\t\t<\/div>\n\t\t\t\t<\/div>\n\t\t\t\t<div class=\"elementor-element elementor-element-321e4296 elementor-widget elementor-widget-text-editor\" data-id=\"321e4296\" data-element_type=\"widget\" data-e-type=\"widget\" data-widget_type=\"text-editor.default\">\n\t\t\t\t<div class=\"elementor-widget-container\">\n\t\t\t\t\t\t\t\t\t<h2><strong>RetinaDesign SA<\/strong><\/h2>\n<p><strong>Adresse :<\/strong> Rheinsprung 10, 4051 B\u00e2le, SUISSE<\/p>\n<p><strong>Site web : <\/strong><a href=\"https:\/\/www.RetinaDesign.com\">RetinaDesign.com<\/a><\/p>\n<p><strong>E-mail : <\/strong><a href=\"mailto:info@RetinaDesign.com\">info@RetinaDesign.com<\/a><\/p>\n<p><strong>T\u00e9l\u00e9phone : <\/strong><a href=\"tel:+41788917989\">+41 78 \/ 891 79 89<\/a><\/p>\n<p><strong>Fondateur et PDG :<\/strong> Dr. Stefan Wacha<\/p>\n<p><strong data-end=\"599\" data-start=\"570\">Responsable de la publication<\/strong> : Dr. Stefan Wacha<\/p>\n<p><strong data-end=\"656\" data-start=\"645\">H\u00e9bergement<\/strong> : Novatrend, Bahnhofstrasse 18, 6340 Baar<\/p>\n<p><strong data-end=\"727\" data-start=\"702\">Droits d&rsquo;auteur<\/strong> : Tous droits r\u00e9serv\u00e9s \u00a9 2025 RetinaDesign AG<\/p>\n<div class=\"elementor-element elementor-element-55d4427 elementor-widget__width-initial elementor-widget elementor-widget-heading\" data-widget_type=\"heading.default\" data-element_type=\"widget\" data-id=\"55d4427\">\n<div class=\"elementor-widget-container\">\n<p class=\"elementor-heading-title elementor-size-default\"><strong data-end=\"727\" data-start=\"702\">Marques : <\/strong>RETINA\u00ae et RetinaCode\u00ae sont des marques d\u00e9pos\u00e9es.<\/p>\n<div class=\"elementor-element elementor-element-55d4427 elementor-widget__width-initial elementor-widget elementor-widget-heading\" data-widget_type=\"heading.default\" data-element_type=\"widget\" data-id=\"55d4427\"><\/div>\n<p><strong>Num\u00e9ro de TVA :<\/strong> CHE-483.540.767<\/p>\n<p><strong>Registre du commerce de B\u00e2le-Ville :<\/strong> CH-270-3016712-0<\/p>\n<p><strong data-end=\"1001\" data-start=\"964\">Tribunal comp\u00e9tent et droit applicable<\/strong> :\u00a0 <em data-end=\"1045\" data-start=\"1009\">Suisse, tribunal comp\u00e9tent de B\u00e2le-Ville<\/em><\/p>\n<\/div>\n<p><\/div>\n\t\t\t\t\t\t\t\t<\/div>\n\t\t\t\t<\/div>\n\t\t\t\t\t<\/div>\n\t\t\t\t<\/div>\n\t\t\t\t<\/div>\n\t\t","protected":false},"excerpt":{"rendered":"<p>Mentions l\u00e9gales RetinaDesign SA Adresse : Rheinsprung 10, 4051 B\u00e2le, SUISSE Site web : RetinaDesign.com E-mail : info@RetinaDesign.com T\u00e9l\u00e9phone : +41 78 \/ 891 79 89 Fondateur et PDG : Dr. Stefan Wacha Responsable de la publication : Dr. Stefan Wacha H\u00e9bergement : Novatrend, Bahnhofstrasse 18, 6340 Baar Droits d&rsquo;auteur : Tous droits r\u00e9serv\u00e9s \u00a9 [&hellip;]<\/p>\n","protected":false},"author":3,"featured_media":0,"parent":0,"menu_order":37,"comment_status":"closed","ping_status":"closed","template":"","meta":{"footnotes":""},"class_list":["post-24840","page","type-page","status-publish","hentry"],"yoast_head":"<!-- This site is optimized with the Yoast SEO Premium plugin v26.9 (Yoast SEO v27.5) - https:\/\/yoast.com\/product\/yoast-seo-premium-wordpress\/ -->\n<title>Mentions l\u00e9gales \u2013 RetinaDesign AG B\u00e2le<\/title>\n<meta name=\"description\" content=\"Mentions l\u00e9gales de RetinaDesign AG, B\u00e2le. Responsable, adresse, UID, contact, informations juridiques, droits d\u2019auteur, responsabilit\u00e9, confidentialit\u00e9.\" \/>\n<meta name=\"robots\" content=\"index, follow, max-snippet:-1, max-image-preview:large, max-video-preview:-1\" \/>\n<link rel=\"canonical\" href=\"https:\/\/retinadesign.com\/fr\/mentions-legales\/\" \/>\n<meta property=\"og:locale\" content=\"fr_FR\" \/>\n<meta property=\"og:type\" content=\"article\" \/>\n<meta property=\"og:title\" content=\"Mentions l\u00e9gales\" \/>\n<meta property=\"og:description\" content=\"Mentions l\u00e9gales de RetinaDesign AG, B\u00e2le. Responsable, adresse, UID, contact, informations juridiques, droits d\u2019auteur, responsabilit\u00e9, confidentialit\u00e9.\" \/>\n<meta property=\"og:url\" content=\"https:\/\/retinadesign.com\/fr\/mentions-legales\/\" \/>\n<meta property=\"og:site_name\" content=\"RETINA\" \/>\n<meta property=\"article:publisher\" content=\"https:\/\/www.facebook.com\/retinajewelry\" \/>\n<meta property=\"article:modified_time\" content=\"2026-01-07T05:49:58+00:00\" \/>\n<meta name=\"twitter:card\" content=\"summary_large_image\" \/>\n<script type=\"application\/ld+json\" class=\"yoast-schema-graph\">{\"@context\":\"https:\\\/\\\/schema.org\",\"@graph\":[{\"@type\":\"WebPage\",\"@id\":\"https:\\\/\\\/retinadesign.com\\\/fr\\\/mentions-legales\\\/\",\"url\":\"https:\\\/\\\/retinadesign.com\\\/fr\\\/mentions-legales\\\/\",\"name\":\"Mentions l\u00e9gales \u2013 RetinaDesign AG B\u00e2le\",\"isPartOf\":{\"@id\":\"https:\\\/\\\/retinadesign.com\\\/fr\\\/#website\"},\"datePublished\":\"2026-01-07T05:41:27+00:00\",\"dateModified\":\"2026-01-07T05:49:58+00:00\",\"description\":\"Mentions l\u00e9gales de RetinaDesign AG, B\u00e2le. Responsable, adresse, UID, contact, informations juridiques, droits d\u2019auteur, responsabilit\u00e9, confidentialit\u00e9.\",\"breadcrumb\":{\"@id\":\"https:\\\/\\\/retinadesign.com\\\/fr\\\/mentions-legales\\\/#breadcrumb\"},\"inLanguage\":\"fr-FR\",\"potentialAction\":[{\"@type\":\"ReadAction\",\"target\":[\"https:\\\/\\\/retinadesign.com\\\/fr\\\/mentions-legales\\\/\"]}]},{\"@type\":\"BreadcrumbList\",\"@id\":\"https:\\\/\\\/retinadesign.com\\\/fr\\\/mentions-legales\\\/#breadcrumb\",\"itemListElement\":[{\"@type\":\"ListItem\",\"position\":1,\"name\":\"Home\",\"item\":\"https:\\\/\\\/retinadesign.com\\\/fr\\\/\"},{\"@type\":\"ListItem\",\"position\":2,\"name\":\"Mentions l\u00e9gales\"}]},{\"@type\":\"WebSite\",\"@id\":\"https:\\\/\\\/retinadesign.com\\\/fr\\\/#website\",\"url\":\"https:\\\/\\\/retinadesign.com\\\/fr\\\/\",\"name\":\"RetinaDesign\",\"description\":\"Einzigartige Eheringe, personalisierter Schmuck\",\"publisher\":{\"@id\":\"https:\\\/\\\/retinadesign.com\\\/fr\\\/#organization\"},\"potentialAction\":[{\"@type\":\"SearchAction\",\"target\":{\"@type\":\"EntryPoint\",\"urlTemplate\":\"https:\\\/\\\/retinadesign.com\\\/fr\\\/?s={search_term_string}\"},\"query-input\":{\"@type\":\"PropertyValueSpecification\",\"valueRequired\":true,\"valueName\":\"search_term_string\"}}],\"inLanguage\":\"fr-FR\"},{\"@type\":[\"Organization\",\"Place\",\"JewelryStore\"],\"@id\":\"https:\\\/\\\/retinadesign.com\\\/fr\\\/#organization\",\"name\":\"%%Retina\u00ae%%\",\"alternateName\":\"RetinaDesign AG\",\"url\":\"https:\\\/\\\/retinadesign.com\\\/fr\\\/\",\"logo\":{\"@id\":\"https:\\\/\\\/retinadesign.com\\\/fr\\\/mentions-legales\\\/#local-main-organization-logo\"},\"image\":{\"@id\":\"https:\\\/\\\/retinadesign.com\\\/fr\\\/mentions-legales\\\/#local-main-organization-logo\"},\"sameAs\":[\"https:\\\/\\\/www.facebook.com\\\/retinajewelry\",\"https:\\\/\\\/www.linkedin.com\\\/in\\\/stefanwacha\\\/\",\"https:\\\/\\\/www.instagram.com\\\/retinajewelry\",\"https:\\\/\\\/www.tiktok.com\\\/@retinadesign\",\"https:\\\/\\\/www.youtube.com\\\/@StefanWacha\"],\"description\":\"RetinaDesign ist die einzige Goldschmiede weltweit, die Schmuck designed und anfertigt, welcher das Muster der Retina des Schmucktr\u00e4gers auf kunstvolle Art und Weise wie eine versteckte Signatur verewigt. Pers\u00f6nlich, individuell, \u00e4sthetisch ansprechend und einzigartig zugleich.\",\"legalName\":\"RetinaDesign AG\",\"foundingDate\":\"2023-06-06\",\"numberOfEmployees\":{\"@type\":\"QuantitativeValue\",\"minValue\":\"1\",\"maxValue\":\"10\"},\"address\":{\"@id\":\"https:\\\/\\\/retinadesign.com\\\/fr\\\/mentions-legales\\\/#local-main-place-address\"},\"geo\":{\"@type\":\"GeoCoordinates\",\"latitude\":\"47.5590696\",\"longitude\":\"7.589044500000001\"},\"telephone\":[\"+41788917989\",\"+41615549303\"],\"contactPoint\":{\"@type\":\"ContactPoint\",\"telephone\":\"+41788917989\",\"email\":\"info@retinadesign.com\"},\"openingHoursSpecification\":[{\"@type\":\"OpeningHoursSpecification\",\"dayOfWeek\":[\"Monday\",\"Tuesday\",\"Thursday\",\"Sunday\"],\"opens\":\"00:00\",\"closes\":\"00:00\"},{\"@type\":\"OpeningHoursSpecification\",\"dayOfWeek\":[\"Wednesday\",\"Friday\"],\"opens\":\"09:00\",\"closes\":\"18:00\"},{\"@type\":\"OpeningHoursSpecification\",\"dayOfWeek\":[\"Saturday\"],\"opens\":\"10:00\",\"closes\":\"17:00\"}],\"email\":\"info@retinadesign.com\",\"areaServed\":\"globally\",\"vatID\":\"CHE-483.540.767\",\"taxID\":\"CHE-483.540.767\",\"priceRange\":\"$$$\",\"currenciesAccepted\":\"CHF, EUR, USD\",\"paymentAccepted\":\"cash, VISA, Mastercard,Twint,Postfinance,\"},{\"@type\":\"PostalAddress\",\"@id\":\"https:\\\/\\\/retinadesign.com\\\/fr\\\/mentions-legales\\\/#local-main-place-address\",\"streetAddress\":\"Rheinsprung 10\",\"addressLocality\":\"Basel\",\"postalCode\":\"4051\",\"addressRegion\":\"Basel-Stadt\",\"addressCountry\":\"CH\"},{\"@type\":\"ImageObject\",\"inLanguage\":\"fr-FR\",\"@id\":\"https:\\\/\\\/retinadesign.com\\\/fr\\\/mentions-legales\\\/#local-main-organization-logo\",\"url\":\"https:\\\/\\\/retinadesign.com\\\/wp-content\\\/uploads\\\/2025\\\/05\\\/250504-Retina-Final-Icon-Colour.svg\",\"contentUrl\":\"https:\\\/\\\/retinadesign.com\\\/wp-content\\\/uploads\\\/2025\\\/05\\\/250504-Retina-Final-Icon-Colour.svg\",\"width\":599,\"height\":595,\"caption\":\"%%Retina\u00ae%%\"}]}<\/script>\n<meta name=\"geo.placename\" content=\"Basel\" \/>\n<meta name=\"geo.position\" content=\"47.5590696;7.589044500000001\" \/>\n<meta name=\"geo.region\" content=\"Suisse\" \/>\n<!-- \/ Yoast SEO Premium plugin. -->","yoast_head_json":{"title":"Mentions l\u00e9gales \u2013 RetinaDesign AG B\u00e2le","description":"Mentions l\u00e9gales de RetinaDesign AG, B\u00e2le. Responsable, adresse, UID, contact, informations juridiques, droits d\u2019auteur, responsabilit\u00e9, confidentialit\u00e9.","robots":{"index":"index","follow":"follow","max-snippet":"max-snippet:-1","max-image-preview":"max-image-preview:large","max-video-preview":"max-video-preview:-1"},"canonical":"https:\/\/retinadesign.com\/fr\/mentions-legales\/","og_locale":"fr_FR","og_type":"article","og_title":"Mentions l\u00e9gales","og_description":"Mentions l\u00e9gales de RetinaDesign AG, B\u00e2le. Responsable, adresse, UID, contact, informations juridiques, droits d\u2019auteur, responsabilit\u00e9, confidentialit\u00e9.","og_url":"https:\/\/retinadesign.com\/fr\/mentions-legales\/","og_site_name":"RETINA","article_publisher":"https:\/\/www.facebook.com\/retinajewelry","article_modified_time":"2026-01-07T05:49:58+00:00","twitter_card":"summary_large_image","schema":{"@context":"https:\/\/schema.org","@graph":[{"@type":"WebPage","@id":"https:\/\/retinadesign.com\/fr\/mentions-legales\/","url":"https:\/\/retinadesign.com\/fr\/mentions-legales\/","name":"Mentions l\u00e9gales \u2013 RetinaDesign AG B\u00e2le","isPartOf":{"@id":"https:\/\/retinadesign.com\/fr\/#website"},"datePublished":"2026-01-07T05:41:27+00:00","dateModified":"2026-01-07T05:49:58+00:00","description":"Mentions l\u00e9gales de RetinaDesign AG, B\u00e2le. Responsable, adresse, UID, contact, informations juridiques, droits d\u2019auteur, responsabilit\u00e9, confidentialit\u00e9.","breadcrumb":{"@id":"https:\/\/retinadesign.com\/fr\/mentions-legales\/#breadcrumb"},"inLanguage":"fr-FR","potentialAction":[{"@type":"ReadAction","target":["https:\/\/retinadesign.com\/fr\/mentions-legales\/"]}]},{"@type":"BreadcrumbList","@id":"https:\/\/retinadesign.com\/fr\/mentions-legales\/#breadcrumb","itemListElement":[{"@type":"ListItem","position":1,"name":"Home","item":"https:\/\/retinadesign.com\/fr\/"},{"@type":"ListItem","position":2,"name":"Mentions l\u00e9gales"}]},{"@type":"WebSite","@id":"https:\/\/retinadesign.com\/fr\/#website","url":"https:\/\/retinadesign.com\/fr\/","name":"RetinaDesign","description":"Einzigartige Eheringe, personalisierter Schmuck","publisher":{"@id":"https:\/\/retinadesign.com\/fr\/#organization"},"potentialAction":[{"@type":"SearchAction","target":{"@type":"EntryPoint","urlTemplate":"https:\/\/retinadesign.com\/fr\/?s={search_term_string}"},"query-input":{"@type":"PropertyValueSpecification","valueRequired":true,"valueName":"search_term_string"}}],"inLanguage":"fr-FR"},{"@type":["Organization","Place","JewelryStore"],"@id":"https:\/\/retinadesign.com\/fr\/#organization","name":"%%Retina\u00ae%%","alternateName":"RetinaDesign AG","url":"https:\/\/retinadesign.com\/fr\/","logo":{"@id":"https:\/\/retinadesign.com\/fr\/mentions-legales\/#local-main-organization-logo"},"image":{"@id":"https:\/\/retinadesign.com\/fr\/mentions-legales\/#local-main-organization-logo"},"sameAs":["https:\/\/www.facebook.com\/retinajewelry","https:\/\/www.linkedin.com\/in\/stefanwacha\/","https:\/\/www.instagram.com\/retinajewelry","https:\/\/www.tiktok.com\/@retinadesign","https:\/\/www.youtube.com\/@StefanWacha"],"description":"RetinaDesign ist die einzige Goldschmiede weltweit, die Schmuck designed und anfertigt, welcher das Muster der Retina des Schmucktr\u00e4gers auf kunstvolle Art und Weise wie eine versteckte Signatur verewigt. Pers\u00f6nlich, individuell, \u00e4sthetisch ansprechend und einzigartig zugleich.","legalName":"RetinaDesign AG","foundingDate":"2023-06-06","numberOfEmployees":{"@type":"QuantitativeValue","minValue":"1","maxValue":"10"},"address":{"@id":"https:\/\/retinadesign.com\/fr\/mentions-legales\/#local-main-place-address"},"geo":{"@type":"GeoCoordinates","latitude":"47.5590696","longitude":"7.589044500000001"},"telephone":["+41788917989","+41615549303"],"contactPoint":{"@type":"ContactPoint","telephone":"+41788917989","email":"info@retinadesign.com"},"openingHoursSpecification":[{"@type":"OpeningHoursSpecification","dayOfWeek":["Monday","Tuesday","Thursday","Sunday"],"opens":"00:00","closes":"00:00"},{"@type":"OpeningHoursSpecification","dayOfWeek":["Wednesday","Friday"],"opens":"09:00","closes":"18:00"},{"@type":"OpeningHoursSpecification","dayOfWeek":["Saturday"],"opens":"10:00","closes":"17:00"}],"email":"info@retinadesign.com","areaServed":"globally","vatID":"CHE-483.540.767","taxID":"CHE-483.540.767","priceRange":"$$$","currenciesAccepted":"CHF, EUR, USD","paymentAccepted":"cash, VISA, Mastercard,Twint,Postfinance,"},{"@type":"PostalAddress","@id":"https:\/\/retinadesign.com\/fr\/mentions-legales\/#local-main-place-address","streetAddress":"Rheinsprung 10","addressLocality":"Basel","postalCode":"4051","addressRegion":"Basel-Stadt","addressCountry":"CH"},{"@type":"ImageObject","inLanguage":"fr-FR","@id":"https:\/\/retinadesign.com\/fr\/mentions-legales\/#local-main-organization-logo","url":"https:\/\/retinadesign.com\/wp-content\/uploads\/2025\/05\/250504-Retina-Final-Icon-Colour.svg","contentUrl":"https:\/\/retinadesign.com\/wp-content\/uploads\/2025\/05\/250504-Retina-Final-Icon-Colour.svg","width":599,"height":595,"caption":"%%Retina\u00ae%%"}]},"geo.placename":"Basel","geo.position":{"lat":"47.5590696","long":"7.589044500000001"},"geo.region":"Suisse"},"_links":{"self":[{"href":"https:\/\/retinadesign.com\/fr\/wp-json\/wp\/v2\/pages\/24840","targetHints":{"allow":["GET"]}}],"collection":[{"href":"https:\/\/retinadesign.com\/fr\/wp-json\/wp\/v2\/pages"}],"about":[{"href":"https:\/\/retinadesign.com\/fr\/wp-json\/wp\/v2\/types\/page"}],"author":[{"embeddable":true,"href":"https:\/\/retinadesign.com\/fr\/wp-json\/wp\/v2\/users\/3"}],"replies":[{"embeddable":true,"href":"https:\/\/retinadesign.com\/fr\/wp-json\/wp\/v2\/comments?post=24840"}],"version-history":[{"count":1,"href":"https:\/\/retinadesign.com\/fr\/wp-json\/wp\/v2\/pages\/24840\/revisions"}],"predecessor-version":[{"id":24841,"href":"https:\/\/retinadesign.com\/fr\/wp-json\/wp\/v2\/pages\/24840\/revisions\/24841"}],"wp:attachment":[{"href":"https:\/\/retinadesign.com\/fr\/wp-json\/wp\/v2\/media?parent=24840"}],"curies":[{"name":"wp","href":"https:\/\/api.w.org\/{rel}","templated":true}]}}