{"id":23689,"date":"2025-11-05T10:34:56","date_gmt":"2025-11-05T09:34:56","guid":{"rendered":"https:\/\/retinadesign.com\/recherche\/"},"modified":"2025-11-08T08:28:22","modified_gmt":"2025-11-08T07:28:22","slug":"recherche","status":"publish","type":"page","link":"https:\/\/retinadesign.com\/fr\/recherche\/","title":{"rendered":"Recherche"},"content":{"rendered":"\t\t<div data-elementor-type=\"wp-page\" data-elementor-id=\"23689\" class=\"elementor elementor-23689 elementor-23509\" data-elementor-post-type=\"page\">\n\t\t\t\t<div class=\"elementor-element elementor-element-af76cf6 e-flex e-con-boxed e-con e-parent\" data-id=\"af76cf6\" data-element_type=\"container\" data-e-type=\"container\">\n\t\t\t\t\t<div class=\"e-con-inner\">\n\t\t\t\t<div class=\"elementor-element elementor-element-22b738d elementor-widget__width-initial elementor-widget elementor-widget-search\" data-id=\"22b738d\" data-element_type=\"widget\" data-e-type=\"widget\" data-settings=\"{&quot;submit_trigger&quot;:&quot;both&quot;,&quot;pagination_type_options&quot;:&quot;none&quot;}\" data-widget_type=\"search.default\">\n\t\t\t\t<div class=\"elementor-widget-container\">\n\t\t\t\t\t\t\t<search class=\"e-search hidden\" role=\"search\">\n\t\t\t<form class=\"e-search-form\" action=\"https:\/\/retinadesign.com\/fr\/\" method=\"get\">\n\n\t\t\t\t\n\t\t\t\t<label class=\"e-search-label\" for=\"search-22b738d\">\n\t\t\t\t\t<span class=\"elementor-screen-only\">\n\t\t\t\t\t\tRechercher \t\t\t\t\t<\/span>\n\t\t\t\t\t<svg aria-hidden=\"true\" class=\"e-font-icon-svg e-fas-search\" viewBox=\"0 0 512 512\" xmlns=\"http:\/\/www.w3.org\/2000\/svg\"><path d=\"M505 442.7L405.3 343c-4.5-4.5-10.6-7-17-7H372c27.6-35.3 44-79.7 44-128C416 93.1 322.9 0 208 0S0 93.1 0 208s93.1 208 208 208c48.3 0 92.7-16.4 128-44v16.3c0 6.4 2.5 12.5 7 17l99.7 99.7c9.4 9.4 24.6 9.4 33.9 0l28.3-28.3c9.4-9.4 9.4-24.6.1-34zM208 336c-70.7 0-128-57.2-128-128 0-70.7 57.2-128 128-128 70.7 0 128 57.2 128 128 0 70.7-57.2 128-128 128z\"><\/path><\/svg>\t\t\t\t<\/label>\n\n\t\t\t\t<div class=\"e-search-input-wrapper\">\n\t\t\t\t\t<input id=\"search-22b738d\" placeholder=\"Appuyez pour lancer la recherche...\" class=\"e-search-input\" type=\"search\" name=\"s\" value=\"\" autocomplete=\"off\" role=\"combobox\" aria-autocomplete=\"list\" aria-expanded=\"false\" aria-controls=\"results-22b738d\" aria-haspopup=\"listbox\">\n\t\t\t\t\t<svg aria-hidden=\"true\" class=\"e-font-icon-svg e-fas-times\" viewBox=\"0 0 352 512\" xmlns=\"http:\/\/www.w3.org\/2000\/svg\"><path d=\"M242.72 256l100.07-100.07c12.28-12.28 12.28-32.19 0-44.48l-22.24-22.24c-12.28-12.28-32.19-12.28-44.48 0L176 189.28 75.93 89.21c-12.28-12.28-32.19-12.28-44.48 0L9.21 111.45c-12.28 12.28-12.28 32.19 0 44.48L109.28 256 9.21 356.07c-12.28 12.28-12.28 32.19 0 44.48l22.24 22.24c12.28 12.28 32.2 12.28 44.48 0L176 322.72l100.07 100.07c12.28 12.28 32.2 12.28 44.48 0l22.24-22.24c12.28-12.28 12.28-32.19 0-44.48L242.72 256z\"><\/path><\/svg>\t\t\t\t\t\t\t\t\t\t<output id=\"results-22b738d\" class=\"e-search-results-container hide-loader\" aria-live=\"polite\" aria-atomic=\"true\" aria-label=\"Results for search\" tabindex=\"0\">\n\t\t\t\t\t\t<div class=\"e-search-results\"><\/div>\n\t\t\t\t\t\t\t\t\t\t\t<\/output>\n\t\t\t\t\t\t\t\t\t<\/div>\n\t\t\t\t\n\t\t\t\t\n\t\t\t\t<button class=\"e-search-submit  \" type=\"submit\">\n\t\t\t\t\t\n\t\t\t\t\t\t\t\t\t\t<span class=\"\">\n\t\t\t\t\t\tRecherche\t\t\t\t\t<\/span>\n\t\t\t\t\t\t\t\t\t<\/button>\n\t\t\t\t<input type=\"hidden\" name=\"e_search_props\" value=\"22b738d-23689\">\n\t\t\t<\/form>\n\t\t<\/search>\n\t\t\t\t\t\t<\/div>\n\t\t\t\t<\/div>\n\t\t\t\t\t<\/div>\n\t\t\t\t<\/div>\n\t\t\t\t<\/div>\n\t\t","protected":false},"excerpt":{"rendered":"<p>Suche Recherche<\/p>\n","protected":false},"author":3,"featured_media":0,"parent":0,"menu_order":0,"comment_status":"closed","ping_status":"closed","template":"","meta":{"footnotes":""},"class_list":["post-23689","page","type-page","status-publish","hentry"],"yoast_head":"<!-- This site is optimized with the Yoast SEO Premium plugin v26.9 (Yoast SEO v27.5) - https:\/\/yoast.com\/product\/yoast-seo-premium-wordpress\/ -->\n<title>Recherche - RETINA<\/title>\n<meta name=\"description\" content=\"Suche                               Recherche\" \/>\n<meta name=\"robots\" content=\"index, follow, max-snippet:-1, max-image-preview:large, max-video-preview:-1\" \/>\n<link rel=\"canonical\" href=\"https:\/\/retinadesign.com\/fr\/recherche\/\" \/>\n<meta property=\"og:locale\" content=\"fr_FR\" \/>\n<meta property=\"og:type\" content=\"article\" \/>\n<meta property=\"og:title\" content=\"Recherche\" \/>\n<meta property=\"og:description\" content=\"Suche                               Recherche\" \/>\n<meta property=\"og:url\" content=\"https:\/\/retinadesign.com\/fr\/recherche\/\" \/>\n<meta property=\"og:site_name\" content=\"RETINA\" \/>\n<meta property=\"article:publisher\" content=\"https:\/\/www.facebook.com\/retinajewelry\" \/>\n<meta property=\"article:modified_time\" content=\"2025-11-08T07:28:22+00:00\" \/>\n<meta name=\"twitter:card\" content=\"summary_large_image\" \/>\n<script type=\"application\/ld+json\" class=\"yoast-schema-graph\">{\"@context\":\"https:\\\/\\\/schema.org\",\"@graph\":[{\"@type\":\"WebPage\",\"@id\":\"https:\\\/\\\/retinadesign.com\\\/fr\\\/recherche\\\/\",\"url\":\"https:\\\/\\\/retinadesign.com\\\/fr\\\/recherche\\\/\",\"name\":\"Recherche - RETINA\",\"isPartOf\":{\"@id\":\"https:\\\/\\\/retinadesign.com\\\/fr\\\/#website\"},\"datePublished\":\"2025-11-05T09:34:56+00:00\",\"dateModified\":\"2025-11-08T07:28:22+00:00\",\"description\":\"Suche Recherche\",\"breadcrumb\":{\"@id\":\"https:\\\/\\\/retinadesign.com\\\/fr\\\/recherche\\\/#breadcrumb\"},\"inLanguage\":\"fr-FR\",\"potentialAction\":[{\"@type\":\"ReadAction\",\"target\":[\"https:\\\/\\\/retinadesign.com\\\/fr\\\/recherche\\\/\"]}]},{\"@type\":\"BreadcrumbList\",\"@id\":\"https:\\\/\\\/retinadesign.com\\\/fr\\\/recherche\\\/#breadcrumb\",\"itemListElement\":[{\"@type\":\"ListItem\",\"position\":1,\"name\":\"Home\",\"item\":\"https:\\\/\\\/retinadesign.com\\\/fr\\\/\"},{\"@type\":\"ListItem\",\"position\":2,\"name\":\"Recherche\"}]},{\"@type\":\"WebSite\",\"@id\":\"https:\\\/\\\/retinadesign.com\\\/fr\\\/#website\",\"url\":\"https:\\\/\\\/retinadesign.com\\\/fr\\\/\",\"name\":\"RetinaDesign\",\"description\":\"Einzigartige Eheringe, personalisierter Schmuck\",\"publisher\":{\"@id\":\"https:\\\/\\\/retinadesign.com\\\/fr\\\/#organization\"},\"potentialAction\":[{\"@type\":\"SearchAction\",\"target\":{\"@type\":\"EntryPoint\",\"urlTemplate\":\"https:\\\/\\\/retinadesign.com\\\/fr\\\/?s={search_term_string}\"},\"query-input\":{\"@type\":\"PropertyValueSpecification\",\"valueRequired\":true,\"valueName\":\"search_term_string\"}}],\"inLanguage\":\"fr-FR\"},{\"@type\":[\"Organization\",\"Place\",\"JewelryStore\"],\"@id\":\"https:\\\/\\\/retinadesign.com\\\/fr\\\/#organization\",\"name\":\"%%Retina\u00ae%%\",\"alternateName\":\"RetinaDesign AG\",\"url\":\"https:\\\/\\\/retinadesign.com\\\/fr\\\/\",\"logo\":{\"@id\":\"https:\\\/\\\/retinadesign.com\\\/fr\\\/recherche\\\/#local-main-organization-logo\"},\"image\":{\"@id\":\"https:\\\/\\\/retinadesign.com\\\/fr\\\/recherche\\\/#local-main-organization-logo\"},\"sameAs\":[\"https:\\\/\\\/www.facebook.com\\\/retinajewelry\",\"https:\\\/\\\/www.linkedin.com\\\/in\\\/stefanwacha\\\/\",\"https:\\\/\\\/www.instagram.com\\\/retinajewelry\",\"https:\\\/\\\/www.tiktok.com\\\/@retinadesign\",\"https:\\\/\\\/www.youtube.com\\\/@StefanWacha\"],\"description\":\"RetinaDesign ist die einzige Goldschmiede weltweit, die Schmuck designed und anfertigt, welcher das Muster der Retina des Schmucktr\u00e4gers auf kunstvolle Art und Weise wie eine versteckte Signatur verewigt. Pers\u00f6nlich, individuell, \u00e4sthetisch ansprechend und einzigartig zugleich.\",\"legalName\":\"RetinaDesign AG\",\"foundingDate\":\"2023-06-06\",\"numberOfEmployees\":{\"@type\":\"QuantitativeValue\",\"minValue\":\"1\",\"maxValue\":\"10\"},\"address\":{\"@id\":\"https:\\\/\\\/retinadesign.com\\\/fr\\\/recherche\\\/#local-main-place-address\"},\"geo\":{\"@type\":\"GeoCoordinates\",\"latitude\":\"47.5590696\",\"longitude\":\"7.589044500000001\"},\"telephone\":[\"+41788917989\",\"+41615549303\"],\"contactPoint\":{\"@type\":\"ContactPoint\",\"telephone\":\"+41788917989\",\"email\":\"info@retinadesign.com\"},\"openingHoursSpecification\":[{\"@type\":\"OpeningHoursSpecification\",\"dayOfWeek\":[\"Monday\",\"Tuesday\",\"Thursday\",\"Sunday\"],\"opens\":\"00:00\",\"closes\":\"00:00\"},{\"@type\":\"OpeningHoursSpecification\",\"dayOfWeek\":[\"Wednesday\",\"Friday\"],\"opens\":\"09:00\",\"closes\":\"18:00\"},{\"@type\":\"OpeningHoursSpecification\",\"dayOfWeek\":[\"Saturday\"],\"opens\":\"10:00\",\"closes\":\"17:00\"}],\"email\":\"info@retinadesign.com\",\"areaServed\":\"globally\",\"vatID\":\"CHE-483.540.767\",\"taxID\":\"CHE-483.540.767\",\"priceRange\":\"$$$\",\"currenciesAccepted\":\"CHF, EUR, USD\",\"paymentAccepted\":\"cash, VISA, Mastercard,Twint,Postfinance,\"},{\"@type\":\"PostalAddress\",\"@id\":\"https:\\\/\\\/retinadesign.com\\\/fr\\\/recherche\\\/#local-main-place-address\",\"streetAddress\":\"Rheinsprung 10\",\"addressLocality\":\"Basel\",\"postalCode\":\"4051\",\"addressRegion\":\"Basel-Stadt\",\"addressCountry\":\"CH\"},{\"@type\":\"ImageObject\",\"inLanguage\":\"fr-FR\",\"@id\":\"https:\\\/\\\/retinadesign.com\\\/fr\\\/recherche\\\/#local-main-organization-logo\",\"url\":\"https:\\\/\\\/retinadesign.com\\\/wp-content\\\/uploads\\\/2025\\\/05\\\/250504-Retina-Final-Icon-Colour.svg\",\"contentUrl\":\"https:\\\/\\\/retinadesign.com\\\/wp-content\\\/uploads\\\/2025\\\/05\\\/250504-Retina-Final-Icon-Colour.svg\",\"width\":599,\"height\":595,\"caption\":\"%%Retina\u00ae%%\"}]}<\/script>\n<meta name=\"geo.placename\" content=\"Basel\" \/>\n<meta name=\"geo.position\" content=\"47.5590696;7.589044500000001\" \/>\n<meta name=\"geo.region\" content=\"Suisse\" \/>\n<!-- \/ Yoast SEO Premium plugin. -->","yoast_head_json":{"title":"Recherche - RETINA","description":"Suche                               Recherche","robots":{"index":"index","follow":"follow","max-snippet":"max-snippet:-1","max-image-preview":"max-image-preview:large","max-video-preview":"max-video-preview:-1"},"canonical":"https:\/\/retinadesign.com\/fr\/recherche\/","og_locale":"fr_FR","og_type":"article","og_title":"Recherche","og_description":"Suche                               Recherche","og_url":"https:\/\/retinadesign.com\/fr\/recherche\/","og_site_name":"RETINA","article_publisher":"https:\/\/www.facebook.com\/retinajewelry","article_modified_time":"2025-11-08T07:28:22+00:00","twitter_card":"summary_large_image","schema":{"@context":"https:\/\/schema.org","@graph":[{"@type":"WebPage","@id":"https:\/\/retinadesign.com\/fr\/recherche\/","url":"https:\/\/retinadesign.com\/fr\/recherche\/","name":"Recherche - RETINA","isPartOf":{"@id":"https:\/\/retinadesign.com\/fr\/#website"},"datePublished":"2025-11-05T09:34:56+00:00","dateModified":"2025-11-08T07:28:22+00:00","description":"Suche Recherche","breadcrumb":{"@id":"https:\/\/retinadesign.com\/fr\/recherche\/#breadcrumb"},"inLanguage":"fr-FR","potentialAction":[{"@type":"ReadAction","target":["https:\/\/retinadesign.com\/fr\/recherche\/"]}]},{"@type":"BreadcrumbList","@id":"https:\/\/retinadesign.com\/fr\/recherche\/#breadcrumb","itemListElement":[{"@type":"ListItem","position":1,"name":"Home","item":"https:\/\/retinadesign.com\/fr\/"},{"@type":"ListItem","position":2,"name":"Recherche"}]},{"@type":"WebSite","@id":"https:\/\/retinadesign.com\/fr\/#website","url":"https:\/\/retinadesign.com\/fr\/","name":"RetinaDesign","description":"Einzigartige Eheringe, personalisierter Schmuck","publisher":{"@id":"https:\/\/retinadesign.com\/fr\/#organization"},"potentialAction":[{"@type":"SearchAction","target":{"@type":"EntryPoint","urlTemplate":"https:\/\/retinadesign.com\/fr\/?s={search_term_string}"},"query-input":{"@type":"PropertyValueSpecification","valueRequired":true,"valueName":"search_term_string"}}],"inLanguage":"fr-FR"},{"@type":["Organization","Place","JewelryStore"],"@id":"https:\/\/retinadesign.com\/fr\/#organization","name":"%%Retina\u00ae%%","alternateName":"RetinaDesign AG","url":"https:\/\/retinadesign.com\/fr\/","logo":{"@id":"https:\/\/retinadesign.com\/fr\/recherche\/#local-main-organization-logo"},"image":{"@id":"https:\/\/retinadesign.com\/fr\/recherche\/#local-main-organization-logo"},"sameAs":["https:\/\/www.facebook.com\/retinajewelry","https:\/\/www.linkedin.com\/in\/stefanwacha\/","https:\/\/www.instagram.com\/retinajewelry","https:\/\/www.tiktok.com\/@retinadesign","https:\/\/www.youtube.com\/@StefanWacha"],"description":"RetinaDesign ist die einzige Goldschmiede weltweit, die Schmuck designed und anfertigt, welcher das Muster der Retina des Schmucktr\u00e4gers auf kunstvolle Art und Weise wie eine versteckte Signatur verewigt. Pers\u00f6nlich, individuell, \u00e4sthetisch ansprechend und einzigartig zugleich.","legalName":"RetinaDesign AG","foundingDate":"2023-06-06","numberOfEmployees":{"@type":"QuantitativeValue","minValue":"1","maxValue":"10"},"address":{"@id":"https:\/\/retinadesign.com\/fr\/recherche\/#local-main-place-address"},"geo":{"@type":"GeoCoordinates","latitude":"47.5590696","longitude":"7.589044500000001"},"telephone":["+41788917989","+41615549303"],"contactPoint":{"@type":"ContactPoint","telephone":"+41788917989","email":"info@retinadesign.com"},"openingHoursSpecification":[{"@type":"OpeningHoursSpecification","dayOfWeek":["Monday","Tuesday","Thursday","Sunday"],"opens":"00:00","closes":"00:00"},{"@type":"OpeningHoursSpecification","dayOfWeek":["Wednesday","Friday"],"opens":"09:00","closes":"18:00"},{"@type":"OpeningHoursSpecification","dayOfWeek":["Saturday"],"opens":"10:00","closes":"17:00"}],"email":"info@retinadesign.com","areaServed":"globally","vatID":"CHE-483.540.767","taxID":"CHE-483.540.767","priceRange":"$$$","currenciesAccepted":"CHF, EUR, USD","paymentAccepted":"cash, VISA, Mastercard,Twint,Postfinance,"},{"@type":"PostalAddress","@id":"https:\/\/retinadesign.com\/fr\/recherche\/#local-main-place-address","streetAddress":"Rheinsprung 10","addressLocality":"Basel","postalCode":"4051","addressRegion":"Basel-Stadt","addressCountry":"CH"},{"@type":"ImageObject","inLanguage":"fr-FR","@id":"https:\/\/retinadesign.com\/fr\/recherche\/#local-main-organization-logo","url":"https:\/\/retinadesign.com\/wp-content\/uploads\/2025\/05\/250504-Retina-Final-Icon-Colour.svg","contentUrl":"https:\/\/retinadesign.com\/wp-content\/uploads\/2025\/05\/250504-Retina-Final-Icon-Colour.svg","width":599,"height":595,"caption":"%%Retina\u00ae%%"}]},"geo.placename":"Basel","geo.position":{"lat":"47.5590696","long":"7.589044500000001"},"geo.region":"Suisse"},"_links":{"self":[{"href":"https:\/\/retinadesign.com\/fr\/wp-json\/wp\/v2\/pages\/23689","targetHints":{"allow":["GET"]}}],"collection":[{"href":"https:\/\/retinadesign.com\/fr\/wp-json\/wp\/v2\/pages"}],"about":[{"href":"https:\/\/retinadesign.com\/fr\/wp-json\/wp\/v2\/types\/page"}],"author":[{"embeddable":true,"href":"https:\/\/retinadesign.com\/fr\/wp-json\/wp\/v2\/users\/3"}],"replies":[{"embeddable":true,"href":"https:\/\/retinadesign.com\/fr\/wp-json\/wp\/v2\/comments?post=23689"}],"version-history":[{"count":1,"href":"https:\/\/retinadesign.com\/fr\/wp-json\/wp\/v2\/pages\/23689\/revisions"}],"predecessor-version":[{"id":23690,"href":"https:\/\/retinadesign.com\/fr\/wp-json\/wp\/v2\/pages\/23689\/revisions\/23690"}],"wp:attachment":[{"href":"https:\/\/retinadesign.com\/fr\/wp-json\/wp\/v2\/media?parent=23689"}],"curies":[{"name":"wp","href":"https:\/\/api.w.org\/{rel}","templated":true}]}}