{"id":24838,"date":"2026-01-07T06:41:27","date_gmt":"2026-01-07T05:41:27","guid":{"rendered":"https:\/\/retinadesign.com\/?page_id=24838"},"modified":"2026-01-07T07:04:23","modified_gmt":"2026-01-07T06:04:23","slug":"legal-notice","status":"publish","type":"page","link":"https:\/\/retinadesign.com\/en\/legal-notice\/","title":{"rendered":"Legal Notice"},"content":{"rendered":"\t\t<div data-elementor-type=\"wp-page\" data-elementor-id=\"24838\" class=\"elementor elementor-24838 elementor-24836\" data-elementor-post-type=\"page\">\n\t\t\t\t<div class=\"elementor-element elementor-element-0f38a38 e-flex e-con-boxed e-con e-parent\" data-id=\"0f38a38\" data-element_type=\"container\" data-e-type=\"container\" data-settings=\"{&quot;background_background&quot;:&quot;classic&quot;}\">\n\t\t\t\t\t<div class=\"e-con-inner\">\n\t\t\t\t\t<\/div>\n\t\t\t\t<\/div>\n\t\t<div class=\"elementor-element elementor-element-5eea309d e-flex e-con-boxed e-con e-parent\" data-id=\"5eea309d\" data-element_type=\"container\" data-e-type=\"container\" data-settings=\"{&quot;background_background&quot;:&quot;classic&quot;}\">\n\t\t\t\t\t<div class=\"e-con-inner\">\n\t\t\t\t<div class=\"elementor-element elementor-element-5512747 elementor-widget elementor-widget-heading\" data-id=\"5512747\" data-element_type=\"widget\" data-e-type=\"widget\" data-widget_type=\"heading.default\">\n\t\t\t\t<div class=\"elementor-widget-container\">\n\t\t\t\t\t<h1 class=\"elementor-heading-title elementor-size-default\">Legal Notice<\/h1>\t\t\t\t<\/div>\n\t\t\t\t<\/div>\n\t\t\t\t<div class=\"elementor-element elementor-element-321e4296 elementor-widget elementor-widget-text-editor\" data-id=\"321e4296\" data-element_type=\"widget\" data-e-type=\"widget\" data-widget_type=\"text-editor.default\">\n\t\t\t\t<div class=\"elementor-widget-container\">\n\t\t\t\t\t\t\t\t\t<h2><strong>RetinaDesign Ltd<\/strong><\/h2>\n<p><strong>Address:<\/strong> Rheinsprung 10, 4051 Basel, SWITZERLAND<\/p>\n<p><strong>Website: <\/strong><a href=\"https:\/\/www.RetinaDesign.com\">RetinaDesign.com<\/a><\/p>\n<p><strong>Email: <\/strong><a href=\"mailto:info@RetinaDesign.com\">info@RetinaDesign.com<\/a><\/p>\n<p><strong>Phone: <\/strong><a href=\"tel:+41788917989\">+41 78 \/ 891 79 89<\/a><\/p>\n<p><strong>Founder and CEO:<\/strong> Dr. Stefan Wacha<\/p>\n<p><strong data-end=\"599\" data-start=\"570\">Responsible for publication<\/strong>: Dr. Stefan Wacha<\/p>\n<p><strong>Hosting:<\/strong> Novatrend, Bahnhofstrasse 18, 6340 Baar<\/p>\n<p><strong data-end=\"727\" data-start=\"702\">Copyright<\/strong>: All rights reserved \u00a9 2025 RetinaDesign AG<\/p>\n<div class=\"elementor-element elementor-element-55d4427 elementor-widget__width-initial elementor-widget elementor-widget-heading\" data-widget_type=\"heading.default\" data-element_type=\"widget\" data-id=\"55d4427\">\n<div class=\"elementor-widget-container\">\n<p class=\"elementor-heading-title elementor-size-default\"><strong data-end=\"727\" data-start=\"702\">Trademarks: <\/strong>RETINA\u00ae and RetinaCode\u00ae are registered trademarks.<\/p>\n<div class=\"elementor-element elementor-element-55d4427 elementor-widget__width-initial elementor-widget elementor-widget-heading\" data-widget_type=\"heading.default\" data-element_type=\"widget\" data-id=\"55d4427\"><\/div>\n<p><strong>VAT number:<\/strong> CHE-483.540.767<\/p>\n<p><strong>Basel-Stadt Commercial Register:<\/strong> CH-270-3016712-0<\/p>\n<p><strong data-end=\"1001\" data-start=\"964\">Place of jurisdiction &amp; applicable law<\/strong>:\u00a0 <em data-end=\"1045\" data-start=\"1009\">Switzerland, place of jurisdiction Basel-Stadt<\/em><\/p>\n<\/div>\n<p><\/div>\n\t\t\t\t\t\t\t\t<\/div>\n\t\t\t\t<\/div>\n\t\t\t\t\t<\/div>\n\t\t\t\t<\/div>\n\t\t\t\t<\/div>\n\t\t","protected":false},"excerpt":{"rendered":"<p>Legal Notice RetinaDesign Ltd Address: Rheinsprung 10, 4051 Basel, SWITZERLAND Website: RetinaDesign.com Email: info@RetinaDesign.com Phone: +41 78 \/ 891 79 89 Founder and CEO: Dr. Stefan Wacha Responsible for publication: Dr. Stefan Wacha Hosting: Novatrend, Bahnhofstrasse 18, 6340 Baar Copyright: All rights reserved \u00a9 2025 RetinaDesign AG Trademarks: RETINA\u00ae and RetinaCode\u00ae are registered trademarks. VAT [&hellip;]<\/p>\n","protected":false},"author":3,"featured_media":0,"parent":0,"menu_order":37,"comment_status":"closed","ping_status":"closed","template":"","meta":{"footnotes":""},"class_list":["post-24838","page","type-page","status-publish","hentry"],"yoast_head":"<!-- This site is optimized with the Yoast SEO Premium plugin v26.9 (Yoast SEO v27.5) - https:\/\/yoast.com\/product\/yoast-seo-premium-wordpress\/ -->\n<title>Legal Notices \u2013 RetinaDesign Ltd Basel<\/title>\n<meta name=\"description\" content=\"Legal notice for RetinaDesign AG, Basel. Responsible party, address, VAT ID, contact, legal information, copyright, liability, data protection.\" \/>\n<meta name=\"robots\" content=\"index, follow, max-snippet:-1, max-image-preview:large, max-video-preview:-1\" \/>\n<link rel=\"canonical\" href=\"https:\/\/retinadesign.com\/en\/legal-notice\/\" \/>\n<meta property=\"og:locale\" content=\"en_US\" \/>\n<meta property=\"og:type\" content=\"article\" \/>\n<meta property=\"og:title\" content=\"Legal Notice\" \/>\n<meta property=\"og:description\" content=\"Legal notice for RetinaDesign AG, Basel. Responsible party, address, VAT ID, contact, legal information, copyright, liability, data protection.\" \/>\n<meta property=\"og:url\" content=\"https:\/\/retinadesign.com\/en\/legal-notice\/\" \/>\n<meta property=\"og:site_name\" content=\"RETINA\" \/>\n<meta property=\"article:publisher\" content=\"https:\/\/www.facebook.com\/retinajewelry\" \/>\n<meta property=\"article:modified_time\" content=\"2026-01-07T06:04:23+00:00\" \/>\n<meta name=\"twitter:card\" content=\"summary_large_image\" \/>\n<script type=\"application\/ld+json\" class=\"yoast-schema-graph\">{\"@context\":\"https:\\\/\\\/schema.org\",\"@graph\":[{\"@type\":\"WebPage\",\"@id\":\"https:\\\/\\\/retinadesign.com\\\/en\\\/legal-notice\\\/\",\"url\":\"https:\\\/\\\/retinadesign.com\\\/en\\\/legal-notice\\\/\",\"name\":\"Legal Notices \u2013 RetinaDesign Ltd Basel\",\"isPartOf\":{\"@id\":\"https:\\\/\\\/retinadesign.com\\\/en\\\/#website\"},\"datePublished\":\"2026-01-07T05:41:27+00:00\",\"dateModified\":\"2026-01-07T06:04:23+00:00\",\"description\":\"Legal notice for RetinaDesign AG, Basel. Responsible party, address, VAT ID, contact, legal information, copyright, liability, data protection.\",\"breadcrumb\":{\"@id\":\"https:\\\/\\\/retinadesign.com\\\/en\\\/legal-notice\\\/#breadcrumb\"},\"inLanguage\":\"en-US\",\"potentialAction\":[{\"@type\":\"ReadAction\",\"target\":[\"https:\\\/\\\/retinadesign.com\\\/en\\\/legal-notice\\\/\"]}]},{\"@type\":\"BreadcrumbList\",\"@id\":\"https:\\\/\\\/retinadesign.com\\\/en\\\/legal-notice\\\/#breadcrumb\",\"itemListElement\":[{\"@type\":\"ListItem\",\"position\":1,\"name\":\"Home\",\"item\":\"https:\\\/\\\/retinadesign.com\\\/en\\\/\"},{\"@type\":\"ListItem\",\"position\":2,\"name\":\"Legal Notice\"}]},{\"@type\":\"WebSite\",\"@id\":\"https:\\\/\\\/retinadesign.com\\\/en\\\/#website\",\"url\":\"https:\\\/\\\/retinadesign.com\\\/en\\\/\",\"name\":\"RetinaDesign\",\"description\":\"Einzigartige Eheringe, personalisierter Schmuck\",\"publisher\":{\"@id\":\"https:\\\/\\\/retinadesign.com\\\/en\\\/#organization\"},\"potentialAction\":[{\"@type\":\"SearchAction\",\"target\":{\"@type\":\"EntryPoint\",\"urlTemplate\":\"https:\\\/\\\/retinadesign.com\\\/en\\\/?s={search_term_string}\"},\"query-input\":{\"@type\":\"PropertyValueSpecification\",\"valueRequired\":true,\"valueName\":\"search_term_string\"}}],\"inLanguage\":\"en-US\"},{\"@type\":[\"Organization\",\"Place\",\"JewelryStore\"],\"@id\":\"https:\\\/\\\/retinadesign.com\\\/en\\\/#organization\",\"name\":\"%%Retina\u00ae%%\",\"alternateName\":\"RetinaDesign AG\",\"url\":\"https:\\\/\\\/retinadesign.com\\\/en\\\/\",\"logo\":{\"@id\":\"https:\\\/\\\/retinadesign.com\\\/en\\\/legal-notice\\\/#local-main-organization-logo\"},\"image\":{\"@id\":\"https:\\\/\\\/retinadesign.com\\\/en\\\/legal-notice\\\/#local-main-organization-logo\"},\"sameAs\":[\"https:\\\/\\\/www.facebook.com\\\/retinajewelry\",\"https:\\\/\\\/www.linkedin.com\\\/in\\\/stefanwacha\\\/\",\"https:\\\/\\\/www.instagram.com\\\/retinajewelry\",\"https:\\\/\\\/www.tiktok.com\\\/@retinadesign\",\"https:\\\/\\\/www.youtube.com\\\/@StefanWacha\"],\"description\":\"RetinaDesign ist die einzige Goldschmiede weltweit, die Schmuck designed und anfertigt, welcher das Muster der Retina des Schmucktr\u00e4gers auf kunstvolle Art und Weise wie eine versteckte Signatur verewigt. Pers\u00f6nlich, individuell, \u00e4sthetisch ansprechend und einzigartig zugleich.\",\"legalName\":\"RetinaDesign AG\",\"foundingDate\":\"2023-06-06\",\"numberOfEmployees\":{\"@type\":\"QuantitativeValue\",\"minValue\":\"1\",\"maxValue\":\"10\"},\"address\":{\"@id\":\"https:\\\/\\\/retinadesign.com\\\/en\\\/legal-notice\\\/#local-main-place-address\"},\"geo\":{\"@type\":\"GeoCoordinates\",\"latitude\":\"47.5590696\",\"longitude\":\"7.589044500000001\"},\"telephone\":[\"+41788917989\",\"+41615549303\"],\"contactPoint\":{\"@type\":\"ContactPoint\",\"telephone\":\"+41788917989\",\"email\":\"info@retinadesign.com\"},\"openingHoursSpecification\":[{\"@type\":\"OpeningHoursSpecification\",\"dayOfWeek\":[\"Monday\",\"Tuesday\",\"Thursday\",\"Sunday\"],\"opens\":\"00:00\",\"closes\":\"00:00\"},{\"@type\":\"OpeningHoursSpecification\",\"dayOfWeek\":[\"Wednesday\",\"Friday\"],\"opens\":\"09:00\",\"closes\":\"18:00\"},{\"@type\":\"OpeningHoursSpecification\",\"dayOfWeek\":[\"Saturday\"],\"opens\":\"10:00\",\"closes\":\"17:00\"}],\"email\":\"info@retinadesign.com\",\"areaServed\":\"globally\",\"vatID\":\"CHE-483.540.767\",\"taxID\":\"CHE-483.540.767\",\"priceRange\":\"$$$\",\"currenciesAccepted\":\"CHF, EUR, USD\",\"paymentAccepted\":\"cash, VISA, Mastercard,Twint,Postfinance,\"},{\"@type\":\"PostalAddress\",\"@id\":\"https:\\\/\\\/retinadesign.com\\\/en\\\/legal-notice\\\/#local-main-place-address\",\"streetAddress\":\"Rheinsprung 10\",\"addressLocality\":\"Basel\",\"postalCode\":\"4051\",\"addressRegion\":\"Basel-Stadt\",\"addressCountry\":\"CH\"},{\"@type\":\"ImageObject\",\"inLanguage\":\"en-US\",\"@id\":\"https:\\\/\\\/retinadesign.com\\\/en\\\/legal-notice\\\/#local-main-organization-logo\",\"url\":\"https:\\\/\\\/retinadesign.com\\\/wp-content\\\/uploads\\\/2025\\\/05\\\/250504-Retina-Final-Icon-Colour.svg\",\"contentUrl\":\"https:\\\/\\\/retinadesign.com\\\/wp-content\\\/uploads\\\/2025\\\/05\\\/250504-Retina-Final-Icon-Colour.svg\",\"width\":599,\"height\":595,\"caption\":\"%%Retina\u00ae%%\"}]}<\/script>\n<meta name=\"geo.placename\" content=\"Basel\" \/>\n<meta name=\"geo.position\" content=\"47.5590696;7.589044500000001\" \/>\n<meta name=\"geo.region\" content=\"Switzerland\" \/>\n<!-- \/ Yoast SEO Premium plugin. -->","yoast_head_json":{"title":"Legal Notices \u2013 RetinaDesign Ltd Basel","description":"Legal notice for RetinaDesign AG, Basel. Responsible party, address, VAT ID, contact, legal information, copyright, liability, data protection.","robots":{"index":"index","follow":"follow","max-snippet":"max-snippet:-1","max-image-preview":"max-image-preview:large","max-video-preview":"max-video-preview:-1"},"canonical":"https:\/\/retinadesign.com\/en\/legal-notice\/","og_locale":"en_US","og_type":"article","og_title":"Legal Notice","og_description":"Legal notice for RetinaDesign AG, Basel. Responsible party, address, VAT ID, contact, legal information, copyright, liability, data protection.","og_url":"https:\/\/retinadesign.com\/en\/legal-notice\/","og_site_name":"RETINA","article_publisher":"https:\/\/www.facebook.com\/retinajewelry","article_modified_time":"2026-01-07T06:04:23+00:00","twitter_card":"summary_large_image","schema":{"@context":"https:\/\/schema.org","@graph":[{"@type":"WebPage","@id":"https:\/\/retinadesign.com\/en\/legal-notice\/","url":"https:\/\/retinadesign.com\/en\/legal-notice\/","name":"Legal Notices \u2013 RetinaDesign Ltd Basel","isPartOf":{"@id":"https:\/\/retinadesign.com\/en\/#website"},"datePublished":"2026-01-07T05:41:27+00:00","dateModified":"2026-01-07T06:04:23+00:00","description":"Legal notice for RetinaDesign AG, Basel. Responsible party, address, VAT ID, contact, legal information, copyright, liability, data protection.","breadcrumb":{"@id":"https:\/\/retinadesign.com\/en\/legal-notice\/#breadcrumb"},"inLanguage":"en-US","potentialAction":[{"@type":"ReadAction","target":["https:\/\/retinadesign.com\/en\/legal-notice\/"]}]},{"@type":"BreadcrumbList","@id":"https:\/\/retinadesign.com\/en\/legal-notice\/#breadcrumb","itemListElement":[{"@type":"ListItem","position":1,"name":"Home","item":"https:\/\/retinadesign.com\/en\/"},{"@type":"ListItem","position":2,"name":"Legal Notice"}]},{"@type":"WebSite","@id":"https:\/\/retinadesign.com\/en\/#website","url":"https:\/\/retinadesign.com\/en\/","name":"RetinaDesign","description":"Einzigartige Eheringe, personalisierter Schmuck","publisher":{"@id":"https:\/\/retinadesign.com\/en\/#organization"},"potentialAction":[{"@type":"SearchAction","target":{"@type":"EntryPoint","urlTemplate":"https:\/\/retinadesign.com\/en\/?s={search_term_string}"},"query-input":{"@type":"PropertyValueSpecification","valueRequired":true,"valueName":"search_term_string"}}],"inLanguage":"en-US"},{"@type":["Organization","Place","JewelryStore"],"@id":"https:\/\/retinadesign.com\/en\/#organization","name":"%%Retina\u00ae%%","alternateName":"RetinaDesign AG","url":"https:\/\/retinadesign.com\/en\/","logo":{"@id":"https:\/\/retinadesign.com\/en\/legal-notice\/#local-main-organization-logo"},"image":{"@id":"https:\/\/retinadesign.com\/en\/legal-notice\/#local-main-organization-logo"},"sameAs":["https:\/\/www.facebook.com\/retinajewelry","https:\/\/www.linkedin.com\/in\/stefanwacha\/","https:\/\/www.instagram.com\/retinajewelry","https:\/\/www.tiktok.com\/@retinadesign","https:\/\/www.youtube.com\/@StefanWacha"],"description":"RetinaDesign ist die einzige Goldschmiede weltweit, die Schmuck designed und anfertigt, welcher das Muster der Retina des Schmucktr\u00e4gers auf kunstvolle Art und Weise wie eine versteckte Signatur verewigt. Pers\u00f6nlich, individuell, \u00e4sthetisch ansprechend und einzigartig zugleich.","legalName":"RetinaDesign AG","foundingDate":"2023-06-06","numberOfEmployees":{"@type":"QuantitativeValue","minValue":"1","maxValue":"10"},"address":{"@id":"https:\/\/retinadesign.com\/en\/legal-notice\/#local-main-place-address"},"geo":{"@type":"GeoCoordinates","latitude":"47.5590696","longitude":"7.589044500000001"},"telephone":["+41788917989","+41615549303"],"contactPoint":{"@type":"ContactPoint","telephone":"+41788917989","email":"info@retinadesign.com"},"openingHoursSpecification":[{"@type":"OpeningHoursSpecification","dayOfWeek":["Monday","Tuesday","Thursday","Sunday"],"opens":"00:00","closes":"00:00"},{"@type":"OpeningHoursSpecification","dayOfWeek":["Wednesday","Friday"],"opens":"09:00","closes":"18:00"},{"@type":"OpeningHoursSpecification","dayOfWeek":["Saturday"],"opens":"10:00","closes":"17:00"}],"email":"info@retinadesign.com","areaServed":"globally","vatID":"CHE-483.540.767","taxID":"CHE-483.540.767","priceRange":"$$$","currenciesAccepted":"CHF, EUR, USD","paymentAccepted":"cash, VISA, Mastercard,Twint,Postfinance,"},{"@type":"PostalAddress","@id":"https:\/\/retinadesign.com\/en\/legal-notice\/#local-main-place-address","streetAddress":"Rheinsprung 10","addressLocality":"Basel","postalCode":"4051","addressRegion":"Basel-Stadt","addressCountry":"CH"},{"@type":"ImageObject","inLanguage":"en-US","@id":"https:\/\/retinadesign.com\/en\/legal-notice\/#local-main-organization-logo","url":"https:\/\/retinadesign.com\/wp-content\/uploads\/2025\/05\/250504-Retina-Final-Icon-Colour.svg","contentUrl":"https:\/\/retinadesign.com\/wp-content\/uploads\/2025\/05\/250504-Retina-Final-Icon-Colour.svg","width":599,"height":595,"caption":"%%Retina\u00ae%%"}]},"geo.placename":"Basel","geo.position":{"lat":"47.5590696","long":"7.589044500000001"},"geo.region":"Switzerland"},"_links":{"self":[{"href":"https:\/\/retinadesign.com\/en\/wp-json\/wp\/v2\/pages\/24838","targetHints":{"allow":["GET"]}}],"collection":[{"href":"https:\/\/retinadesign.com\/en\/wp-json\/wp\/v2\/pages"}],"about":[{"href":"https:\/\/retinadesign.com\/en\/wp-json\/wp\/v2\/types\/page"}],"author":[{"embeddable":true,"href":"https:\/\/retinadesign.com\/en\/wp-json\/wp\/v2\/users\/3"}],"replies":[{"embeddable":true,"href":"https:\/\/retinadesign.com\/en\/wp-json\/wp\/v2\/comments?post=24838"}],"version-history":[{"count":1,"href":"https:\/\/retinadesign.com\/en\/wp-json\/wp\/v2\/pages\/24838\/revisions"}],"predecessor-version":[{"id":24839,"href":"https:\/\/retinadesign.com\/en\/wp-json\/wp\/v2\/pages\/24838\/revisions\/24839"}],"wp:attachment":[{"href":"https:\/\/retinadesign.com\/en\/wp-json\/wp\/v2\/media?parent=24838"}],"curies":[{"name":"wp","href":"https:\/\/api.w.org\/{rel}","templated":true}]}}